{"id":91,"date":"2014-02-19T13:47:15","date_gmt":"2014-02-19T11:47:15","guid":{"rendered":"http:\/\/waldmusik.de\/?page_id=91"},"modified":"2021-01-26T09:23:35","modified_gmt":"2021-01-26T07:23:35","slug":"kursbeschreibungen","status":"publish","type":"page","link":"https:\/\/waldmusik.de\/?page_id=91","title":{"rendered":"Kursbeschreibungen"},"content":{"rendered":"<h3>Die Kraft des Rhythmus<\/h3>\n<p>Rhythmus und Musik mit dem Trommelschlag erleben!<\/p>\n<p>Musische und kreative Aktivit\u00e4t tr\u00e4gt zur Offenheit, Vitalit\u00e4t und harmonischen Lebensgestaltung bei. Dabei verwirklicht sich im ganzheitlichen Ansatz das Zusammenwirken von K\u00f6rper, Geist und Seele. Trommeln kann in die tieferen Schichten des Bewusstseins eindringen; durch Klang und Rhythmus k\u00f6nnen fr\u00fchere K\u00f6rpererfahrungen und unterdr\u00fcckte Gef\u00fchle reaktiviert werden. Das Spiel mit den Rhythmen eignet sich deshalb sehr gut zur Wiederentdeckung eines aktiven Lebensgef\u00fchles, weil die Rhythmen den Boden, die Grundlage, den Hintergrund oder eben die Nahrung unserer Empfindungen, der \u00c4u\u00dferungs- und Beziehungsformen darstellen. Der Ruf der Trommel ist so alt wie die Menschheit selbst, und eignet sich ins Besondere als Medium, Rhythmus als kollektives Erlebnis zu empfinden. Auch k\u00f6nnen durch gezielte \u00dcbungen Blockaden in der Motorik und dem Empfinden beseitigt werden. &#8222;Musik als heilende Kraft mit positiver Wirkung auf das k\u00f6rperliche Wohlbefinden und den Abbau von Aggressionen. Gezielte \u00dcbungen zur Unterst\u00fctzung und Belebung\u00a0 der Aktivit\u00e4t f\u00fcr die allt\u00e4gliche Arbeit. Grundlagen der afrikanischen und der der Afro- kubanischen Percussion. Verschiedene T\u00f6ne und Schlagformen auf den verschiedene Trommeln. Erlernen einfacher Rhythmen wie Samba, Songo, Bembe und \u00dcbungen, die K\u00f6rper und Rhythmik miteinander verbinden. Trancetrommeln. Verbindung zwischen K\u00f6rper, Geist und Jede Menge Spa\u00df! Dozent dieser Werkstatt ist Sigi Lee Nachreiner. Durch seine jahrelange Erfahrung in der Welt des Rhythmus, sei es als Lehrer, Dozent oder Musiker, hat er nach und nach eine eigene Philosophie des Lehrens entwickelt. Diese Methodik wird zum gr\u00f6\u00dften Teil getragen von anthroposophischen Gesichtspunkten, inspiriert von der Lehre Steiner`s Mitmachen kann bei diesen Kurs jeder. Es sind keine Vorkenntnisse n\u00f6tig. Mitzubringen ist nur die Offenheit, Musik ganzheitlich zu verstehen.<\/p>\n<p>www.waldmusik.de<br \/>\nsigilee@web.de<br \/>\nHandy: 0172 &#8211; 860 55 47<br \/>\nTel. LIAM: 09941 &#8211; 90 666 2<\/p>\n<hr \/>\n<h3>Unterst\u00fctzende Musiktherapie speziell f\u00fcr Senioren<\/h3>\n<p>Da die durchschnittliche Lebenserwartung der Menschen in unserer Gesellschaft in den letzten Jahren stetig gestiegen ist, w\u00e4chst dadurch auch der Anteil der Senioren in unserer Bev\u00f6lkerung. Um dieser immer gr\u00f6sser werdenden Gruppe auch spezielle M\u00f6glichkeiten der Freizeitgestaltung mit einem therapeutischen Nutzen zu erm\u00f6glichen, bietet das LIAM ab sofort ein musikalisches F\u00f6rderprogramm f\u00fcr Senioren an. Die Leitung liegt in den H\u00e4nden von Sigi Lee Nachreiner.<\/p>\n<p>Durch seine jahrelange Erfahrung als Lehrer, Musiker und Dozent hat sich nach und nach ein Konzept entwickelt, das ganz auf die Bed\u00fcrfnisse der Senioren zugeschnitten ist. Da sich die Musik, in all ihren Facetten, als Medium f\u00fcr die positive Einwirkung und Beeinflussung auf unser Lebensgef\u00fchl bew\u00e4hrt hat, ist allgemein bekannt und auch anerkannt. Aber es steckt noch wesentlich mehr dahinter. Durch die Besch\u00e4ftigung mit Musik werden nahezu alle massgeblichen Funktionen der k\u00f6rperlichen und geistigen Aktivit\u00e4t gef\u00f6rdert aber auch gefordert und unterst\u00fctzt. Z.B. eignet sich die Trommel in besonderer \u00a0Weise, spielerisch, im wahrsten Sinne des Wortes, die k\u00f6rpereigene Motorik zu schulen. Auch die Konzentration auf immer wieder kehrenden Abl\u00e4ufe komplexer Rhythmen f\u00f6rdert die Beweglichkeit der Denkstruktur. Durch verschiedene Schlagfolgen und Hands\u00e4tze wird die Motorik aktiv unterst\u00fctzt und trainiert. Der wertvollste Effekt des Trommelns bedeutet aber, das man in Kontakt mit seinem ureigensten Lebensrhythmus kommt. Bedient jemand mit Leidenschaft eine Trommel, werden sogenannte Endorphine, Gl\u00fcckshormone, in die Blutbahn abgegeben. Die Schwingung der Trommel \u00fcbertr\u00e4gt sich auf die k\u00f6rpereigenen Rhythmen, wie Atmung oder Herzschlag. Das wiederum entspannt den ganzen Organismus auf nat\u00fcrliche Weise und steigert das k\u00f6rperliche und seelische Wohlbefinden, das wiederum sogar bei schmerzhaften Beschwerden lindernd einwirken kann auch in F\u00e4llen, wo die Sprache nichts mehr ausrichten kann, verzeichnet die Rhythmustherapie gro\u00dfe Erfolge. Besonders f\u00fcr demenzkranke schaffen T\u00f6ne und Rhythmen Augenblicke des Wiedererkennens oder der Klarheit. Oder es werden Lieder mit den Senioren gesungen die aus der Zeit stammen, als sie noch jung waren. Der Erinnerungswert und die damit verbundenen Gef\u00fchle erhellen das Gem\u00fct und so manch Geschichte oder Anekdote kommt zum Vorschein. Dadurch wird auch die Erinnerung an fr\u00fchere Erlebnisse stimuliert. Zus\u00e4tzlich werden ein paar Bodypercussion Elemente in Verbindung mit Tanz integriert, um auch die Beweglichkeit des K\u00f6rpers zu unterst\u00fctzen und nat\u00fcrlich auch zu trainieren. Dieses Angebot richtet sich nicht nur an Senioren mit \u00a0Einschr\u00e4nkungen unterschiedlicher Art, sondern auch an solche, die sich ihre geistige Fitness und k\u00f6rperliche Beweglichkeit erhalten wollen. Nat\u00fcrlich wird auch dem Spassfaktor in den Spielstunden viel Platz einger\u00e4umt, damit sich die Senioren in entspannter Atmosph\u00e4re bet\u00e4tigen k\u00f6nnen. Angestrebt wird, eine Gruppe zu bilden, die sich in regelm\u00e4ssigen Abst\u00e4nden trifft. Selbstverst\u00e4ndlich sind alle Einrichtungen, die sich mit Seniorenbetreuung besch\u00e4ftigen, eingeladen, sich dem Projekt anzuschliessen. Das w\u00e4re sehr w\u00fcnschenswert, denn zusammen kann man wesentlich mehr erreichen, was wiederum den Senioren zu Gute kommt.<\/p>\n<p>Info bei Sigi Lee Nachreiner, 0172\/8605547<\/p>\n<hr \/>\n<h3>Familientrommeln<\/h3>\n<p>Ganze Familien k\u00f6nnen \u00fcber das Medium Trommeln ihre Familienstruktur besser erfahren. Das Verst\u00e4ndnis untereinander wird gef\u00f6rdert, der Umgang mit Kind oder Partner wird sensibilisiert, Spannungen werden abgebaut. Erfahren der eigenen Position in der Hierarchie der Familie anhand einfacher, aber sehr aufschlussreicher, rhythmischer Spiele. Die Familie erkennen, im Zusammenspiel zwischen verschiedener Gef\u00fchle, Geschwindigkeiten und auch immer wieder kehrenden Rhythmen. Die Familie, unterst\u00fctzt durch die harmonisch verbindende Kraft der Trommel, als Keimzelle der Gesellschaft begreifen. Wie im Kleinen so im Gro\u00dfen. Denn durch das Trommeln kommt man auch in Kontakt mit seinem ureigensten Lebensrhythmus au\u00dferdem ist es eine sinnvolle, kreative Freizeitbesch\u00e4ftigung und eine wirkliche Alternative zu Fernsehen, Videospiele und dergleichen.<\/p>\n<hr \/>\n<h3>In F\u00fchlung mit sich selbst<\/h3>\n<p>Wirkung von Musik<\/p>\n<p>Da sich die Musik, in all ihren unendlichen Facetten, als Medium f\u00fcr die ganzheitlichen Einwirkung und positive Beeinflussung auf unser Lebensgef\u00fchl bew\u00e4hrt hat, ist allgemein bekannt und auch anerkannt. Durch die Besch\u00e4ftigung mit Musik werden nahezu alle ma\u00dfgeblichen Bereiche der k\u00f6rperlichen und geistigen Aktivit\u00e4t gef\u00f6rdert aber auch gefordert und unterst\u00fctzt.<\/p>\n<p>Die Trommel und der Rhythmus<\/p>\n<p>Die Trommel eignet sich im besonderen Ma\u00dfe als Medium f\u00fcr den Kontakt zu seinen ureigensten, pers\u00f6nlichen Lebensrhythmus. Der Ruf der Trommel ist so alt wie die Menschheit selbst. Der Ursprung des Trommelns liegt in der Begleitung religi\u00f6ser Handlungen. Dadurch hat sich das Trommeln im Laufe der Zeit ganz tief in die menschliche Seele ein gegraben. Dadurch ber\u00fchrt es uns in unserem tiefsten Inneren. Das Trommeln dringt ein in die unteren Schichten des Bewusstseins. Dadurch k\u00f6nnen fr\u00fchere K\u00f6rper- und Seelenerfahrungen, Blockaden oder unterdr\u00fcckte Gef\u00fchle reaktiviert werden. Die Schwingung der Trommel \u00fcbertr\u00e4gt sich auch auf unsere k\u00f6rpereigenen Rhythmen. Durch verschiedene Rhythmen kann man direkt auf die einzelnen Chakras einwirken, und dadurch eine Harmonisierung unterst\u00fctzen. Zum Beispiel ist der Mensch in der Lage, seine Atmung und seinen Herzschlag dem getrommelten Rhythmus an zu passen. Das wiederum zu einer enormen Entspannung f\u00fchrt. Ein immer wieder kehrender Rhythmus kann als Meditation, als Mantra, als Br\u00fccke dienen, um in die Bereiche der Trance, oder der v\u00f6lligen Losl\u00f6sung von allen \u00e4u\u00dferen Umst\u00e4nden, zu gelangen. Bedient jemand mit Leidenschaft eine Trommel, werden auch sogenannte Endorphine, Gl\u00fcckshormone freigesetzt und in die Blutbahn abgegeben. Das wiederum entspannt den ganzen Organismus auf nat\u00fcrliche Weise und steigert das k\u00f6rperliche und seelische Wohlbefinden. Auch in F\u00e4llen einer Depression konnte man eine positive Beeinflussung durch das Trommeln auf die Stimmung der Betroffenen feststellen. Quasi eine Aufhellung des Gem\u00fcts; ganz ohne Chemie.<\/p>\n<p>Der Kurs<\/p>\n<p>In diesem Kurs wird man behutsam wieder n\u00e4her zu seinem ureigensten Selbst gef\u00fchrt. Man kann seinen eigenen Rhythmus finden und ihm sich ganz hingeben. Diese Reise hat mit den herk\u00f6mmlichen Percussionkursen, die im Allgemeinen angeboten werden weniger zu tun. Hier liegt der Ansatz wesentlich tiefer. Es geht darum, auf einer anderen, h\u00f6heren Ebene in Kontakt mit seinem Selbst zu kommen. Das Medium dazu ist die Trommel. Sie f\u00fchrt uns zu dem Rhythmus, der uns alle umgibt.<\/p>\n<p>Der Kurs dauert 4 Abende a`60 min.<br \/>\nInfo unter LIAM Bad K\u00f6tzting, Sigi Lee Nachreiner<\/p>\n<hr \/>\n<h3>Ramba Samba<\/h3>\n<p>Die Welt des Samba.<\/p>\n<p>Eintauchen in die brasilianische Lebensfreude. Samba als Lebensgef\u00fchl erfahren. Die vielschichtige Rhythmik erleben. Batacuda als Ausdruck von Lebensfreude pur. Erlernen verschiedener Grundgrooves mit den dazugeh\u00f6rigen Tanzschritten. Musik und Tanz, im Samba unzertrennbar vereint. Orginal Instrumente wie Surdo, A GoGo Bell, Maracas, Tambourim oder Caxixi werden erl\u00e4utert, und nat\u00fcrlich erlernt.<\/p>\n","protected":false},"excerpt":{"rendered":"<p>Die Kraft des Rhythmus Rhythmus und Musik mit dem Trommelschlag erleben! Musische und kreative Aktivit\u00e4t tr\u00e4gt zur Offenheit, Vitalit\u00e4t und harmonischen Lebensgestaltung bei. Dabei verwirklicht sich im ganzheitlichen Ansatz das Zusammenwirken von K\u00f6rper, Geist und Seele. Trommeln kann in die tieferen Schichten des Bewusstseins eindringen; durch Klang und Rhythmus k\u00f6nnen fr\u00fchere K\u00f6rpererfahrungen und unterdr\u00fcckte Gef\u00fchle [&hellip;]<\/p>\n","protected":false},"author":2,"featured_media":23,"parent":44,"menu_order":0,"comment_status":"open","ping_status":"open","template":"","meta":{"footnotes":""},"class_list":["post-91","page","type-page","status-publish","has-post-thumbnail","czr-hentry"],"_links":{"self":[{"href":"https:\/\/waldmusik.de\/index.php?rest_route=\/wp\/v2\/pages\/91","targetHints":{"allow":["GET"]}}],"collection":[{"href":"https:\/\/waldmusik.de\/index.php?rest_route=\/wp\/v2\/pages"}],"about":[{"href":"https:\/\/waldmusik.de\/index.php?rest_route=\/wp\/v2\/types\/page"}],"author":[{"embeddable":true,"href":"https:\/\/waldmusik.de\/index.php?rest_route=\/wp\/v2\/users\/2"}],"replies":[{"embeddable":true,"href":"https:\/\/waldmusik.de\/index.php?rest_route=%2Fwp%2Fv2%2Fcomments&post=91"}],"version-history":[{"count":5,"href":"https:\/\/waldmusik.de\/index.php?rest_route=\/wp\/v2\/pages\/91\/revisions"}],"predecessor-version":[{"id":764,"href":"https:\/\/waldmusik.de\/index.php?rest_route=\/wp\/v2\/pages\/91\/revisions\/764"}],"up":[{"embeddable":true,"href":"https:\/\/waldmusik.de\/index.php?rest_route=\/wp\/v2\/pages\/44"}],"wp:featuredmedia":[{"embeddable":true,"href":"https:\/\/waldmusik.de\/index.php?rest_route=\/wp\/v2\/media\/23"}],"wp:attachment":[{"href":"https:\/\/waldmusik.de\/index.php?rest_route=%2Fwp%2Fv2%2Fmedia&parent=91"}],"curies":[{"name":"wp","href":"https:\/\/api.w.org\/{rel}","templated":true}]}}