{"id":59,"date":"2014-02-17T13:06:39","date_gmt":"2014-02-17T11:06:39","guid":{"rendered":"http:\/\/waldmusik.de\/?page_id=59"},"modified":"2021-01-26T09:29:17","modified_gmt":"2021-01-26T07:29:17","slug":"projekte","status":"publish","type":"page","link":"https:\/\/waldmusik.de\/?page_id=59","title":{"rendered":"Projekte"},"content":{"rendered":"<h2>PRIVATE JOKER<\/h2>\n<div id=\"txt_31\">\n<p>Die ideale musikalische Umrahmung von Hochzeit bis Party. Schwoofen und Fingerschnippen. Melodien, die die Welt begeistern: Swing, Jazz und Ami-S\u00fc\u00dfigkeiten. Latino und Macho<\/p>\n<audio class=\"wp-audio-shortcode\" id=\"audio-59-1\" preload=\"none\" style=\"width: 100%;\" controls=\"controls\"><source type=\"audio\/mpeg\" src=\"http:\/\/waldmusik.de\/wp-content\/uploads\/mackiemesser.mp3?_=1\" \/><a href=\"http:\/\/waldmusik.de\/wp-content\/uploads\/mackiemesser.mp3\">http:\/\/waldmusik.de\/wp-content\/uploads\/mackiemesser.mp3<\/a><\/audio>\n<hr \/>\n<p>&nbsp;<\/p>\n<h2>Cariba<\/h2>\n<audio class=\"wp-audio-shortcode\" id=\"audio-59-2\" preload=\"none\" style=\"width: 100%;\" controls=\"controls\"><source type=\"audio\/mpeg\" src=\"http:\/\/waldmusik.de\/wp-content\/uploads\/sambadeorfeo.mp3?_=2\" \/><a href=\"http:\/\/waldmusik.de\/wp-content\/uploads\/sambadeorfeo.mp3\">http:\/\/waldmusik.de\/wp-content\/uploads\/sambadeorfeo.mp3<\/a><\/audio>\n<hr \/>\n<h2>Djambao<\/h2>\n<p>H\u00f6re,\u00a0 sehe und staune\u00a0&#8211; die Waidler mit afrikanischem \u201eMove and Groove\u201c \u2013 der Herzschlag der uns verbindet mit Dir und der Welt. Wir sind eine bunte Gruppe begeisterter Percussionisten die mit hei\u00dfen Rhythmen aus Afrika, S\u00fcdamerika und Bavaria dein\u00a0Blut zum Kochen bringen. Erlebe mit uns eine rhythmische Entdeckungsreise und lass dich mitreissen von unserer Energie und Lebensfreude! Ein H\u00f6rerlebnis welches sofort gute Laune verbreitet und Lust\u00a0auf Bewegung\u00a0macht. Rhythmus verbindet \u2013 verzaubert &#8211; &#8222;the Groove\u00a0of your life&#8220;<\/p>\n<audio class=\"wp-audio-shortcode\" id=\"audio-59-3\" preload=\"none\" style=\"width: 100%;\" controls=\"controls\"><source type=\"audio\/mpeg\" src=\"http:\/\/waldmusik.de\/wp-content\/uploads\/ascheenadog.mp3?_=3\" \/><a href=\"http:\/\/waldmusik.de\/wp-content\/uploads\/ascheenadog.mp3\">http:\/\/waldmusik.de\/wp-content\/uploads\/ascheenadog.mp3<\/a><\/audio>\n<hr \/>\n<h2>BLOBB<\/h2>\n<audio class=\"wp-audio-shortcode\" id=\"audio-59-4\" preload=\"none\" style=\"width: 100%;\" controls=\"controls\"><source type=\"audio\/mpeg\" src=\"http:\/\/waldmusik.de\/wp-content\/uploads\/02track2.mp3?_=4\" \/><a href=\"http:\/\/waldmusik.de\/wp-content\/uploads\/02track2.mp3\">http:\/\/waldmusik.de\/wp-content\/uploads\/02track2.mp3<\/a><\/audio>\n<hr \/>\n<div id=\"txt_23\">\n<p><strong>Zus\u00e4tzlich begleiten wir musikalisch Vernissagen, Ausstellungen, Festivit\u00e4ten aller Art, innovative Konzertbeitr\u00e4ge und noch vieles mehr.<\/strong><\/p>\n<\/div>\n<\/div>\n","protected":false},"excerpt":{"rendered":"<p>PRIVATE JOKER Die ideale musikalische Umrahmung von Hochzeit bis Party. Schwoofen und Fingerschnippen. Melodien, die die Welt begeistern: Swing, Jazz und Ami-S\u00fc\u00dfigkeiten. Latino und Macho &nbsp; Cariba Djambao H\u00f6re,\u00a0 sehe und staune\u00a0&#8211; die Waidler mit afrikanischem \u201eMove and Groove\u201c \u2013 der Herzschlag der uns verbindet mit Dir und der Welt. Wir sind eine bunte Gruppe [&hellip;]<\/p>\n","protected":false},"author":2,"featured_media":67,"parent":0,"menu_order":0,"comment_status":"open","ping_status":"open","template":"","meta":{"footnotes":""},"class_list":["post-59","page","type-page","status-publish","has-post-thumbnail","czr-hentry"],"_links":{"self":[{"href":"https:\/\/waldmusik.de\/index.php?rest_route=\/wp\/v2\/pages\/59","targetHints":{"allow":["GET"]}}],"collection":[{"href":"https:\/\/waldmusik.de\/index.php?rest_route=\/wp\/v2\/pages"}],"about":[{"href":"https:\/\/waldmusik.de\/index.php?rest_route=\/wp\/v2\/types\/page"}],"author":[{"embeddable":true,"href":"https:\/\/waldmusik.de\/index.php?rest_route=\/wp\/v2\/users\/2"}],"replies":[{"embeddable":true,"href":"https:\/\/waldmusik.de\/index.php?rest_route=%2Fwp%2Fv2%2Fcomments&post=59"}],"version-history":[{"count":7,"href":"https:\/\/waldmusik.de\/index.php?rest_route=\/wp\/v2\/pages\/59\/revisions"}],"predecessor-version":[{"id":765,"href":"https:\/\/waldmusik.de\/index.php?rest_route=\/wp\/v2\/pages\/59\/revisions\/765"}],"wp:featuredmedia":[{"embeddable":true,"href":"https:\/\/waldmusik.de\/index.php?rest_route=\/wp\/v2\/media\/67"}],"wp:attachment":[{"href":"https:\/\/waldmusik.de\/index.php?rest_route=%2Fwp%2Fv2%2Fmedia&parent=59"}],"curies":[{"name":"wp","href":"https:\/\/api.w.org\/{rel}","templated":true}]}}