{"id":510,"date":"2016-03-19T15:16:06","date_gmt":"2016-03-19T13:16:06","guid":{"rendered":"http:\/\/waldmusik.de\/?page_id=510"},"modified":"2016-03-19T15:36:56","modified_gmt":"2016-03-19T13:36:56","slug":"auftragsarbeiten","status":"publish","type":"page","link":"https:\/\/waldmusik.de\/?page_id=510","title":{"rendered":"Auftragsarbeiten"},"content":{"rendered":"<h3>Auftragsarbeiten<\/h3>\n<h4>Beispiel eines Werbejingles f\u00fcr Heizung Bauer in Regenstauf. Das M\u00e4useteam:<\/h4>\n<audio class=\"wp-audio-shortcode\" id=\"audio-510-1\" preload=\"none\" style=\"width: 100%;\" controls=\"controls\"><source type=\"audio\/wav\" src=\"http:\/\/waldmusik.de\/wp-content\/uploads\/mauseteam.wav?_=1\" \/><a href=\"http:\/\/waldmusik.de\/wp-content\/uploads\/mauseteam.wav\">http:\/\/waldmusik.de\/wp-content\/uploads\/mauseteam.wav<\/a><\/audio>\n<p>&nbsp;<\/p>\n<h4>Soundtrack f\u00fcr &#8222;die Geburt des Dinos&#8220; \/ <span id=\"eow-title\" class=\"watch-title \" dir=\"ltr\" title=\"T Rex, Wildgarten Furth im Wald\">T Rex, Wildgarten Furth im Wald<\/span><\/h4>\n<h4><iframe loading=\"lazy\" src=\"https:\/\/www.youtube.com\/embed\/jPOVCFpGT0Y\" width=\"560\" height=\"315\" frameborder=\"0\" allowfullscreen=\"allowfullscreen\"><\/iframe><\/h4>\n<h4><a href=\"http:\/\/www.wildgarten-furth.de\/\" target=\"_blank\"><img loading=\"lazy\" decoding=\"async\" class=\" wp-image-197 size-medium alignnone\" src=\"http:\/\/waldmusik.de\/wp-content\/uploads\/wildgarten-e1401730341327-300x116.jpg\" alt=\"Wildgarten Furth i. Wald\" width=\"300\" height=\"116\" srcset=\"https:\/\/waldmusik.de\/wp-content\/uploads\/wildgarten-e1401730341327-300x116.jpg 300w, https:\/\/waldmusik.de\/wp-content\/uploads\/wildgarten-e1401730341327.jpg 381w\" sizes=\"auto, (max-width: 300px) 100vw, 300px\" \/><\/a><\/h4>\n<p>&nbsp;<\/p>\n<h4>Bodypercussion Komposition anl\u00e4\u00dflich einer Ausstellungser\u00f6ffnung<\/h4>\n<p><iframe loading=\"lazy\" src=\"\/\/www.youtube.com\/embed\/ShXeP55isOQ?feature=player_embedded\" width=\"640\" height=\"360\" frameborder=\"0\" allowfullscreen=\"allowfullscreen\"><\/iframe><\/p>\n<p>&nbsp;<\/p>\n","protected":false},"excerpt":{"rendered":"<p>Auftragsarbeiten Beispiel eines Werbejingles f\u00fcr Heizung Bauer in Regenstauf. Das M\u00e4useteam: &nbsp; Soundtrack f\u00fcr &#8222;die Geburt des Dinos&#8220; \/ T Rex, Wildgarten Furth im Wald &nbsp; Bodypercussion Komposition anl\u00e4\u00dflich einer Ausstellungser\u00f6ffnung &nbsp;<\/p>\n","protected":false},"author":2,"featured_media":0,"parent":10,"menu_order":1,"comment_status":"closed","ping_status":"closed","template":"","meta":{"footnotes":""},"class_list":["post-510","page","type-page","status-publish","czr-hentry"],"_links":{"self":[{"href":"https:\/\/waldmusik.de\/index.php?rest_route=\/wp\/v2\/pages\/510","targetHints":{"allow":["GET"]}}],"collection":[{"href":"https:\/\/waldmusik.de\/index.php?rest_route=\/wp\/v2\/pages"}],"about":[{"href":"https:\/\/waldmusik.de\/index.php?rest_route=\/wp\/v2\/types\/page"}],"author":[{"embeddable":true,"href":"https:\/\/waldmusik.de\/index.php?rest_route=\/wp\/v2\/users\/2"}],"replies":[{"embeddable":true,"href":"https:\/\/waldmusik.de\/index.php?rest_route=%2Fwp%2Fv2%2Fcomments&post=510"}],"version-history":[{"count":10,"href":"https:\/\/waldmusik.de\/index.php?rest_route=\/wp\/v2\/pages\/510\/revisions"}],"predecessor-version":[{"id":522,"href":"https:\/\/waldmusik.de\/index.php?rest_route=\/wp\/v2\/pages\/510\/revisions\/522"}],"up":[{"embeddable":true,"href":"https:\/\/waldmusik.de\/index.php?rest_route=\/wp\/v2\/pages\/10"}],"wp:attachment":[{"href":"https:\/\/waldmusik.de\/index.php?rest_route=%2Fwp%2Fv2%2Fmedia&parent=510"}],"curies":[{"name":"wp","href":"https:\/\/api.w.org\/{rel}","templated":true}]}}