{"id":44,"date":"2014-02-11T16:10:44","date_gmt":"2014-02-11T14:10:44","guid":{"rendered":"http:\/\/waldmusik.de\/?page_id=44"},"modified":"2015-05-06T23:19:55","modified_gmt":"2015-05-06T21:19:55","slug":"liam","status":"publish","type":"page","link":"https:\/\/waldmusik.de\/?page_id=44","title":{"rendered":"Liam"},"content":{"rendered":"<h3><strong>LIAM &#8211; Lehrinstitut f\u00fcr angewandte Musik<a href=\"http:\/\/waldmusik.de\/wp-content\/uploads\/liam.jpg\"><img loading=\"lazy\" decoding=\"async\" class=\"size-medium wp-image-46 alignright\" src=\"http:\/\/waldmusik.de\/wp-content\/uploads\/liam-300x153.jpg\" alt=\"liam\" width=\"300\" height=\"153\" srcset=\"https:\/\/waldmusik.de\/wp-content\/uploads\/liam-300x153.jpg 300w, https:\/\/waldmusik.de\/wp-content\/uploads\/liam.jpg 750w\" sizes=\"auto, (max-width: 300px) 100vw, 300px\" \/><\/a><\/strong><\/h3>\n<div id=\"txt_43\">\n<p>Deine Musikschule<\/p>\n<div id=\"txt_42\">\n<ul>\n<li>Schnupperstunde gratis<\/li>\n<li>Familienrabatt<\/li>\n<li>G\u00fcnstige Konditionen<\/li>\n<li>P\u00e4dagogisch wertvoller Unterricht<\/li>\n<\/ul>\n<\/div>\n<\/div>\n<div id=\"txt_44\">\n<p><a href=\"http:\/\/waldmusik.de\/?page_id=216\" target=\"_blank\">Jetzt Anmelden<\/a><\/p>\n<hr \/>\n<h3 style=\"margin-bottom: 0cm;\">Finde mit uns den Weg zu Deiner Musik!<\/h3>\n<p style=\"margin-bottom: 0cm;\">Deine ganz pers\u00f6nliche Musik musst Du nicht einfach nur stur \u201eerlernen\u201c, sonder sie erf\u00fchlen, ertasten, erproben&#8230;<br \/>\nDu musst selbst herausfinden, was Deine Musik ist. Mit welchem Instrument kannst Du Deine Musik am besten ausdr\u00fccken? Welche Musikrichtung liegt Dir am Meisten? Wie schnell willst und kannst Du Deine Ziele erreichen?<br \/>\nDas sind entscheidende Fragen bei denen wir Dir individuell und behutsam zur Seite stehen. Wir helfen Dir zu f\u00fchlen, wohin Dich Deine Musik f\u00fchrt&#8230; Im LIAM bestimmst Du die Stilistik des Unterrichts. Du gibst vor, was Du lernen m\u00f6chtest. Die Lerneinheiten werden dann genau auf Deine Bed\u00fcrfnisse zugeschnitten. Probier&#8217;s doch einfach aus!<\/p>\n<h6 style=\"margin-bottom: 0cm;\">Es jazzt&#8230;<\/h6>\n<p style=\"margin-bottom: 0cm;\">Ein Novum in der Musikszene Ostbayerns ist unsere Jazz-Sparte. Auch Jazz kannst Du lernen. Nat\u00fcrlich ist das Gef\u00fchl ein wichtiger Teil im Jazz. Aber genau so wichtig ist die Kenntnis der Harmonien und Skalen. Wir bieten die M\u00f6glichkeit, das alles zu lernen.<\/p>\n<h6 style=\"margin-bottom: 0cm;\">Rock, Pop, Metal?<\/h6>\n<p style=\"margin-bottom: 0cm;\">Auch hier bieten wir Dir ein umfangreiches Angebot. Das Erlernen der verschiedenen Stilarten der Popul\u00e4rmusik geh\u00f6rt zu den \u201eBasics\u201c bei unserer Ausbildung an den gew\u00fcnschten Instrumenten. Pop-Piano? Heavy-Gitarre oder groovy E-Bass? Wie es Dir gef\u00e4llt!<\/p>\n<hr \/>\n<h3 style=\"margin-bottom: 0cm;\">LIAM \u2013 Die etwas andere Musikschule<\/h3>\n<p style=\"margin-bottom: 0cm;\"><em>Die F\u00f6rderung der Kreativit\u00e4t, die nat\u00fcrliche Lernbereitschaft und pers\u00f6nliche Neigung des Sch\u00fclers stehen bei uns im Vordergrund.<\/em><\/p>\n<p>Die vom Leiter des Instituts, Sigi Lee Nachreiner, ausgearbeitete Arbeitsmethode garantiert, dass kein Sch\u00fcler entgegen seinen Neigungen und F\u00e4higkeiten unterrichtet wird. Wir glauben, dass es wenig bringt, einen Sch\u00fcler, der eigentlich auf Rockmusik steht, klassische Et\u00fcden \u00fcben zu lassen. Von Polka \u00fcber Metal bis hin zum Salsa \u2013 jeder Sch\u00fcler kann sich ganz individuell und druckfrei entfalten. Nat\u00fcrlich wird auch die technische Beherrschung des Instruments nicht vernachl\u00e4ssigt.<\/p>\n<h5 style=\"margin-bottom: 0cm;\">Fachbereich 1:<\/h5>\n<ul>\n<li>Musikalische Grundf\u00e4cher<\/li>\n<li>Musikalische Fr\u00fcherziehung (Gesang)<\/li>\n<li>Musikalische Fr\u00fcherziehung (Instrumental)<\/li>\n<li>Rhythmische Fr\u00fcherziehung (zur F\u00f6rderung und Unterst\u00fctzung der K\u00f6rperaktivit\u00e4t)<\/li>\n<\/ul>\n<h5 style=\"margin-bottom: 0cm;\">Fachbereich2:<\/h5>\n<ul>\n<li>Fl\u00f6te, Klarinette, Tenorhorn, Es- Alt- oder Tenor-Saxophon, Fl\u00fcgelhorn, Bariton, Trompete, Posaune, Tuba<\/li>\n<li>Klavier (Rock, Pop, Jazz, Klassik), Keyboard<\/li>\n<li>Gitarre, E-Gitarre, E-Bass, Begleitgitarre, Zither<\/li>\n<li>Schlagzeug, Percussion, afro-kubanische Percussion<\/li>\n<li>Gesang, Stimmbildung, St\u00fctze und Atmung, Gospel<\/li>\n<\/ul>\n<hr \/>\n<h3 style=\"margin-bottom: 0cm;\">Musik f\u00fcr Kids &amp; K\u00f6nner<\/h3>\n<p style=\"margin-bottom: 0cm;\"><em>Sowohl Anf\u00e4nger als auch Fortgeschrittene finden im LIAM Ihren Weg. Auch schon f\u00fcr die ganz kleine bieten wir sinnvolle L\u00f6sungen:<\/em><\/p>\n<p>mit der musikalischen Fr\u00fcherziehung legen wir zwei Schwerpunkte. Eine Richtung geht in den Vokalbereich, die Andere ist das Instrumentalspiel. Wobei beide Gruppen sehr durchl\u00e4ssig bleiben werden, denn \u201eam Anfang wei\u00df man noch nicht so genau, wo die reise hingeht\u201c. Dem Kind sollte also die Zeit gegeben werden, sich selbst zu finden. Das kann auch hei\u00dfen, dass die Gruppe unter Umst\u00e4nden gewechselt wird. Frei nach den Philosophien von Steiner und Montessori steht hier nicht der Lerndruck im Vordergrund, sondern das Erleben der Musik beim Spielen, Tanzen und Singen.<\/p>\n<h5 style=\"margin-bottom: 0cm;\">Du &amp; Deine Band<\/h5>\n<p style=\"margin-bottom: 0cm;\">Sogar ganze Bands, unabh\u00e4ngig von der Stilrichtung, k\u00f6nnen sich bei uns im Puncto Zusammenspiel und Arrangement \u201eauf Vordermann\u201c bringen lassen.<\/p>\n<h5 style=\"margin-bottom: 0cm;\">Auf dem Weg zum Profi?<\/h5>\n<p style=\"margin-bottom: 0cm;\">Interessierte Sch\u00fcler bereiten wir gezielt f\u00fcr Aufnahmepr\u00fcfungen an einer Berufsfachschule f\u00fcr Musik oder an einem Konservatorium vor.<\/p>\n<h5 style=\"margin-bottom: 0cm;\">Fachbereich3:<\/h5>\n<p style=\"margin-bottom: 0cm;\">Ensemble- und Erg\u00e4nzungsf\u00e4cher<br \/>\nKinderchor, Jugendorchester<\/p>\n<p style=\"margin-bottom: 0cm;\">Percussion-Ensemble, diverse Bandprojekte, Jazzband<\/p>\n<p style=\"margin-bottom: 0cm;\">Gemischter Erwachsenenchor<\/p>\n<p style=\"margin-bottom: 0cm;\">Arrangement, Improvisation, Harmonielehre<\/p>\n<h5 style=\"margin-bottom: 0cm;\">Das LIAM kann getrost als die Wiege des Trommelns im Landkreis betrachtet werden. Den Aspekten Rhythmik, Schlagzeug, Mallets und Percussion wird im Unterrichtsspektrum viel Platz einger\u00e4umt. LIAM ist das Original, wenn es um Deinen Groove geht!<\/h5>\n<hr \/>\n<h3 style=\"margin-bottom: 0cm;\">Trommelworkshops:<\/h3>\n<p style=\"margin-bottom: 0cm;\"><em>In regelm\u00e4\u00dfigen Abst\u00e4nden finden am LIAM immer wieder Einsteiger- und Fortgeschrittenenkurse statt. Nat\u00fcrlich kann man auch im Einzelunterricht dem Groove auf die Spur gehen, oder seine Spielweise verfeinern.<\/em><\/p>\n<p style=\"margin-bottom: 0cm;\">Die jeweiligen Termine findest DU auf unserer Homepage, in der Tagespresse oder Du rufst einfach bei uns an!<\/p>\n<p>Ein absolutes Highlight in puncto Trommeln sind die \u201eEvergreens\u201c. Diese Band besteht ausschlie\u00dflich aus Bewohnern eines Alten- und Pflegeheims. Da das Trommeln bekannterweise die Kreativit\u00e4t der Seele und die Aktivit\u00e4t des K\u00f6rpers f\u00f6rdert, ist es sozusagen eine unterst\u00fctzende Therapie, die noch dazu viel Freude bringt. Wie man sehen kann, sind dem Trommeln keine Grenzen gesetzt. Angefangen von der Rhythmischen Fr\u00fcherziehung bis hin zu den Senioren \u2013 das LIAM hat f\u00fcr jeden das richtige Konzept parat.<\/p>\n<hr \/>\n<h3 style=\"margin-bottom: 0cm;\">Musik in guten H\u00e4nden<\/h3>\n<p style=\"margin-bottom: 0cm;\">Die Leitung des LIAM liegt in den H\u00e4nden von Sigi Lee Nachreiner. Durch seine jahrelange Erfahrung als Musiker, Lehrer oder Dozent haben sich nach und nach Konzepte entwickelt, die mittlerweile auch von anderen Instituten und Lehrern aufgegriffen werden.<\/p>\n<p style=\"margin-bottom: 0cm;\">Daneben wirkt am LIAM eine Reihe erfahrener bew\u00e4hrter und qualifizierter Musikp\u00e4dagogen mit, die allesamt keine \u201everstaubten Schulmusiker\u201c sind, sondern voller Freude im t\u00e4glichen musikalischen Leben stehen.<\/p>\n<h5 style=\"margin-bottom: 0cm;\">Jetzt loslegen:<\/h5>\n<ul>\n<li>Keine Wartefristen!<\/li>\n<li>Einstieg jederzeit m\u00f6glich!<\/li>\n<li>Vertr\u00e4ge jederzeit k\u00fcndbar!<\/li>\n<\/ul>\n<h5 style=\"margin-bottom: 0cm;\">Wir bieten:<\/h5>\n<ul>\n<li>Kreativkonzepte f\u00fcr Kinder!<\/li>\n<li>Der Sch\u00fcler steht im Vordergrund, nicht das System!<\/li>\n<li>G\u00fcnstige Konditionen!<\/li>\n<\/ul>\n<\/div>\n<p>&nbsp;<\/p>\n","protected":false},"excerpt":{"rendered":"<p>LIAM &#8211; Lehrinstitut f\u00fcr angewandte Musik Deine Musikschule Schnupperstunde gratis Familienrabatt G\u00fcnstige Konditionen P\u00e4dagogisch wertvoller Unterricht Jetzt Anmelden Finde mit uns den Weg zu Deiner Musik! Deine ganz pers\u00f6nliche Musik musst Du nicht einfach nur stur \u201eerlernen\u201c, sonder sie erf\u00fchlen, ertasten, erproben&#8230; Du musst selbst herausfinden, was Deine Musik ist. Mit welchem Instrument kannst Du [&hellip;]<\/p>\n","protected":false},"author":2,"featured_media":49,"parent":0,"menu_order":0,"comment_status":"open","ping_status":"open","template":"custom-page.php","meta":{"footnotes":""},"class_list":["post-44","page","type-page","status-publish","has-post-thumbnail","czr-hentry"],"_links":{"self":[{"href":"https:\/\/waldmusik.de\/index.php?rest_route=\/wp\/v2\/pages\/44","targetHints":{"allow":["GET"]}}],"collection":[{"href":"https:\/\/waldmusik.de\/index.php?rest_route=\/wp\/v2\/pages"}],"about":[{"href":"https:\/\/waldmusik.de\/index.php?rest_route=\/wp\/v2\/types\/page"}],"author":[{"embeddable":true,"href":"https:\/\/waldmusik.de\/index.php?rest_route=\/wp\/v2\/users\/2"}],"replies":[{"embeddable":true,"href":"https:\/\/waldmusik.de\/index.php?rest_route=%2Fwp%2Fv2%2Fcomments&post=44"}],"version-history":[{"count":16,"href":"https:\/\/waldmusik.de\/index.php?rest_route=\/wp\/v2\/pages\/44\/revisions"}],"predecessor-version":[{"id":315,"href":"https:\/\/waldmusik.de\/index.php?rest_route=\/wp\/v2\/pages\/44\/revisions\/315"}],"wp:featuredmedia":[{"embeddable":true,"href":"https:\/\/waldmusik.de\/index.php?rest_route=\/wp\/v2\/media\/49"}],"wp:attachment":[{"href":"https:\/\/waldmusik.de\/index.php?rest_route=%2Fwp%2Fv2%2Fmedia&parent=44"}],"curies":[{"name":"wp","href":"https:\/\/api.w.org\/{rel}","templated":true}]}}