{"id":10,"date":"2014-02-11T10:21:43","date_gmt":"2014-02-11T08:21:43","guid":{"rendered":"http:\/\/waldmusik.de\/?page_id=10"},"modified":"2016-03-19T15:46:00","modified_gmt":"2016-03-19T13:46:00","slug":"sigi-lee","status":"publish","type":"page","link":"https:\/\/waldmusik.de\/?page_id=10","title":{"rendered":"Sigi Lee"},"content":{"rendered":"<h3>Sigi Lee\u00b4s Vita<\/h3>\n<p>Sigi Lee, Musiker aus Leidenschaft<\/p>\n<p>Sigi Lee geboren in Furth i. Wald begann schon sehr fr\u00fch seine musikalische Karriere. Im Alter von 9 Jahren stand er zum ersten mal auf der B\u00fchne, und seitdem lie\u00df es ihn nicht mehr los, das Fieber in Form von Musik.<\/p>\n<p>Seine musikalischen Wurzeln liegen in der Volksmusik, Punk, Kirchenmusik, konzertante Blasmusik, Blues, klassische Tanzmusik, Rock im weitesten Sinn und Louis Armstrong. Bald wurde ihm der Bayerische Wald zu klein und so zog es ihn hinaus in die weite Welt. Ausgedehnte Tourneen durch Finnland, Frankreich, Schweden, Amerika, Belgien und nat\u00fcrlich durch ganz Deutschland folgten.\u00a0 Auf diesem Weg bildete sich sein Verst\u00e4ndnis f\u00fcr die Musik, die er als grenzenlos sieht.<\/p>\n<p>Zu dieser Zeit begann er den Jazz und seine vielf\u00e4ltigen Spielarten zu entdecken. Sigi Lee spielte alles, von der Blasmusik bis zum Punk, Free Jazz, Latin, Afrika, Schlager usw. Sein Studium waren die unz\u00e4hligen Sessions in den Jazzclubs der Metropolen, wo man gerade gastierte. Er lernte viele amerikanische Musiker kennen, die in dieser Zeit, Anfang der Achtziger, in Europa lebten. Viele davon in Paris. Um nur einen zu nennen\u2014Dexter Gordon.<\/p>\n<p>Sigi Lee organisiert Events wie z.B. das \u201eTrommelfeuer, das allj\u00e4hrlich in Bad K\u00f6tzting statt findet. Er ist Leiter der privaten Musikschule \u201eLIAM&#8220; in Bad K\u00f6tzting, die getrost als Wiege des Trommelns in ganz Ostbayern bezeichnet werden kann.<\/p>\n<p>Sigi Lee<\/p>\n<ul>\n<li>unterrichtet behinderte Menschen.<\/li>\n<li>ist Lehrer an den F\u00f6rderschulen in Bad K\u00f6tzting und Regen.<\/li>\n<li>ist Lehrer an der OGS in Cham.<\/li>\n<li>war Musiklehrer am Frauenhofer Gymnasium in Cham und an der staatlichen Realschule Furth i. Wald.<\/li>\n<li>gr\u00fcndete eine Band mit dementen Menschen, den \u201e Evergreens \u201e.<\/li>\n<li>machte die Trommel \u201esalonf\u00e4hig\u201c im bay. Wald.<\/li>\n<li>gibt Workshops im In- und Ausland in Sachen Percussion, Improvisation, Jazzharmonielehre&#8230;&#8230;&#8230;.<\/li>\n<li>inspiriert zahlreiche Kollegen und Institutionen.<\/li>\n<li>ist unangepasst, freiheitsliebend und direkt.<\/li>\n<\/ul>\n<p>Er war auf Tournee mit dem spanischen Salsero &#8222;Colorado&#8220; und dem kubanischen Pianisten &#8222;Caramello\u201c.<\/p>\n<p>Sigi Lee ist Dozent f\u00fcr Percussion beim internationalen Jazzfestival in Greiz sowie Dozent der \u201eWerkstatt Big-Band&#8220;.<\/p>\n<p>Er entwickelt eigene Unterrichtskonzepte, die nach und nach auch von anderen Schulen und Lehrern gnadenlos adaptiert und kopiert werden.<\/p>\n<p>Sigi Lee ist Arrangeur von diversen Studio- und Bandprojekten.<\/p>\n<p>Viele Projekte wie z. B. \u201e Schlogwerk \u201e oder \u201e Black Market \u201e, versuchen immer wieder, die bayrische Sprache in Verbindung mit afrikanischen Grooves zusammen zu bringen. Unterricht u.a. bei Ack van Royen, Peter Herbolzheimer, Rich Laughlin, Baby Sommer, Rainer Winterschladen. Er ist Mitbegr\u00fcnder und war Leiter einer Band, die nur aus geistig und k\u00f6rperlich Behinderten Menschen besteht. Die &#8222;Hip-Hop Band&#8220;. Er war Musiker am Stadttheater Regensburg und am S\u00fcdostbayrischen St\u00e4dtetheater. Solotrompeter der Regensburger Big-Bands &#8222;Sarara&#8220; und &#8222;Piu piu&#8220;. Aktuell ist er bei der M\u00fcnchner Kultband \u201e Cariba \u201e als Percussionist, Arrangeur, Komponist und Trompeter t\u00e4tig. Diese Band widmet sich ausschlie\u00dflich der Musik Brasiliens mit all ihren Facetten. Mit seiner eigenen Band \u201e Mafia Bavarese \u201e hat er soeben seine erste CD auf den Markt gebracht. Diese Band performt die musikalische Welt des Sigi Lee. Es sind ausschlie\u00dflich Eigenkompositionen, gepaart mit der ekstatischen Art des Frontman Sigi Lee.<\/p>\n<ul>\n<li>Songwriter und Studiomusiker f\u00fcr die Produktion der CD von Joseph Hannesschl\u00e4ger \u201e M\u00fcnchen im Sommer \u201e wo er schon zahlreiche Fernsehauftritte mitgemacht hat.<\/li>\n<li>Komponist der Filmmusik \u00a0\u201e Irgendwo in Bayern \u201e , ein Portr\u00e4t \u00fcber Eschlkam. Produziert vom BR.<\/li>\n<li>Auftritt bei \u201e Ottis Schlachthof \u201e.<\/li>\n<li>Leiter der \u201e BLOBB \u201e Big-Band. Furth i. Wald.<\/li>\n<\/ul>\n<p>Die St\u00e4rken von Sigi Lee sind sein Talent, Leute zu motivieren, Dinge zusammenzuf\u00fcgen sowie seine unersch\u00f6pfliche Kreativit\u00e4t. F\u00fcr Sigi Lee ist es auch wichtig, das die bayrische Sprache und Elemente der bay. Musik integriert werden in seine eigene Musik. Und dass dadurch auch die Dialektik des bayrischen Sprachgebrauchs gepflegt und dadurch erhalten wird. Seine Musik bezeichnet er als Woldmuse. Muse aus dem Wold.<\/p>\n<p><a href=\"http:\/\/waldmusik.de\/?page_id=70\">Sigi Lee buchen<\/a><\/p>\n","protected":false},"excerpt":{"rendered":"<p>Sigi Lee\u00b4s Vita Sigi Lee, Musiker aus Leidenschaft Sigi Lee geboren in Furth i. Wald begann schon sehr fr\u00fch seine musikalische Karriere. Im Alter von 9 Jahren stand er zum ersten mal auf der B\u00fchne, und seitdem lie\u00df es ihn nicht mehr los, das Fieber in Form von Musik. Seine musikalischen Wurzeln liegen in der [&hellip;]<\/p>\n","protected":false},"author":2,"featured_media":27,"parent":0,"menu_order":0,"comment_status":"open","ping_status":"closed","template":"custom-page.php","meta":{"footnotes":""},"class_list":["post-10","page","type-page","status-publish","has-post-thumbnail","czr-hentry"],"_links":{"self":[{"href":"https:\/\/waldmusik.de\/index.php?rest_route=\/wp\/v2\/pages\/10","targetHints":{"allow":["GET"]}}],"collection":[{"href":"https:\/\/waldmusik.de\/index.php?rest_route=\/wp\/v2\/pages"}],"about":[{"href":"https:\/\/waldmusik.de\/index.php?rest_route=\/wp\/v2\/types\/page"}],"author":[{"embeddable":true,"href":"https:\/\/waldmusik.de\/index.php?rest_route=\/wp\/v2\/users\/2"}],"replies":[{"embeddable":true,"href":"https:\/\/waldmusik.de\/index.php?rest_route=%2Fwp%2Fv2%2Fcomments&post=10"}],"version-history":[{"count":31,"href":"https:\/\/waldmusik.de\/index.php?rest_route=\/wp\/v2\/pages\/10\/revisions"}],"predecessor-version":[{"id":19,"href":"https:\/\/waldmusik.de\/index.php?rest_route=\/wp\/v2\/pages\/10\/revisions\/19"}],"wp:featuredmedia":[{"embeddable":true,"href":"https:\/\/waldmusik.de\/index.php?rest_route=\/wp\/v2\/media\/27"}],"wp:attachment":[{"href":"https:\/\/waldmusik.de\/index.php?rest_route=%2Fwp%2Fv2%2Fmedia&parent=10"}],"curies":[{"name":"wp","href":"https:\/\/api.w.org\/{rel}","templated":true}]}}